{"id":5510,"date":"2021-08-31T13:34:18","date_gmt":"2021-08-31T13:34:18","guid":{"rendered":"https:\/\/egyptfabuloustours.com\/?page_id=5510"},"modified":"2021-10-11T09:32:56","modified_gmt":"2021-10-11T09:32:56","slug":"our-hostel","status":"publish","type":"page","link":"https:\/\/egyptfabuloustours.com\/es\/our-hostel\/","title":{"rendered":"Nuestro Albergue"},"content":{"rendered":"<p class=\"has-text-align-center\"><strong>Albergue Fabuloso se encuentra en el Al-Ahram Jardines del distrito, que es uno de los barrios m\u00e1s prestigiosos de Giza, a unos 10 minutos de la puerta nueva de las pir\u00e1mides, y s\u00f3lo unos 10 km de las pir\u00e1mides de la zona, y a tan s\u00f3lo 5 minutos del Nuevo Museo Egipcio. El albergue consta de 3 habitaciones grandes, una amplia recepci\u00f3n, una cocina y un cuarto de ba\u00f1o, y no se dispone de todos los electrodom\u00e9sticos, un 45 pulgadas de la pantalla de TV, aire acondicionado y hervidor de agua el\u00e9ctrico. Ofrecemos una pick-up y drop-off de servicio desde el aeropuerto hasta el hotel y viceversa, de una forma muy sencilla cuota. El albergue se caracteriza por la limpieza, la tranquilidad y la privacidad.<\/strong><\/p>","protected":false},"excerpt":{"rendered":"<p>Hostel Fabulous is located in the Al-Ahram Gardens district, which is one of the most prestigious neighborhoods in Giza, about 10 minutes from the new gate of the pyramids, and only about 10 km from the pyramids area, and only about 5 minutes from the New Egyptian Museum. The hostel consists of 3 large rooms, [&hellip;]<\/p>\n","protected":false},"author":1,"featured_media":0,"parent":0,"menu_order":0,"comment_status":"closed","ping_status":"closed","template":"","meta":{"footnotes":""},"class_list":["post-5510","page","type-page","status-publish","hentry"],"_links":{"self":[{"href":"https:\/\/egyptfabuloustours.com\/es\/wp-json\/wp\/v2\/pages\/5510","targetHints":{"allow":["GET"]}}],"collection":[{"href":"https:\/\/egyptfabuloustours.com\/es\/wp-json\/wp\/v2\/pages"}],"about":[{"href":"https:\/\/egyptfabuloustours.com\/es\/wp-json\/wp\/v2\/types\/page"}],"author":[{"embeddable":true,"href":"https:\/\/egyptfabuloustours.com\/es\/wp-json\/wp\/v2\/users\/1"}],"replies":[{"embeddable":true,"href":"https:\/\/egyptfabuloustours.com\/es\/wp-json\/wp\/v2\/comments?post=5510"}],"version-history":[{"count":6,"href":"https:\/\/egyptfabuloustours.com\/es\/wp-json\/wp\/v2\/pages\/5510\/revisions"}],"predecessor-version":[{"id":6904,"href":"https:\/\/egyptfabuloustours.com\/es\/wp-json\/wp\/v2\/pages\/5510\/revisions\/6904"}],"wp:attachment":[{"href":"https:\/\/egyptfabuloustours.com\/es\/wp-json\/wp\/v2\/media?parent=5510"}],"curies":[{"name":"wp","href":"https:\/\/api.w.org\/{rel}","templated":true}]}}